{"id":8482,"date":"2024-06-04T17:24:20","date_gmt":"2024-06-04T15:24:20","guid":{"rendered":"https:\/\/www.kotax.com\/pristup-k-dedictvi\/"},"modified":"2024-06-04T17:24:33","modified_gmt":"2024-06-04T15:24:33","slug":"pristup-k-dedictvi","status":"publish","type":"page","link":"https:\/\/www.kotax.com\/cs\/nase-reseni\/heritage\/pristup-k-dedictvi\/","title":{"rendered":"P\u0159\u00edstup k d\u011bdictv\u00ed"},"content":{"rendered":"\t\t<div data-elementor-type=\"wp-page\" data-elementor-id=\"8482\" class=\"elementor elementor-8482 elementor-3597\" data-elementor-post-type=\"page\">\n\t\t\t\t\t\t<section class=\"elementor-section elementor-top-section elementor-element elementor-element-26fe0d31 elementor-section-boxed elementor-section-height-default elementor-section-height-default\" data-id=\"26fe0d31\" data-element_type=\"section\" data-e-type=\"section\">\n\t\t\t\t\t\t<div class=\"elementor-container elementor-column-gap-default\">\n\t\t\t\t\t<div class=\"elementor-column elementor-col-100 elementor-top-column elementor-element elementor-element-2e981b74\" data-id=\"2e981b74\" data-element_type=\"column\" data-e-type=\"column\">\n\t\t\t<div class=\"elementor-widget-wrap elementor-element-populated\">\n\t\t\t\t\t\t<div class=\"elementor-element elementor-element-68f2bdb4 elementor-widget elementor-widget-heading\" data-id=\"68f2bdb4\" data-element_type=\"widget\" data-e-type=\"widget\" data-widget_type=\"heading.default\">\n\t\t\t\t<div class=\"elementor-widget-container\">\n\t\t\t\t\t<h1 class=\"elementor-heading-title elementor-size-default\">N\u00e1stroj pro nab\u00eddku d\u011bdictv\u00ed<\/h1>\t\t\t\t<\/div>\n\t\t\t\t<\/div>\n\t\t\t\t<div data-dce-title-color=\"#666666\" class=\"elementor-element elementor-element-20af8591 elementor-widget elementor-widget-heading\" data-id=\"20af8591\" data-element_type=\"widget\" data-e-type=\"widget\" data-widget_type=\"heading.default\">\n\t\t\t\t<div class=\"elementor-widget-container\">\n\t\t\t\t\t<h2 class=\"elementor-heading-title elementor-size-default\">D\u011bkujeme v\u00e1m za v\u00e1\u0161 z\u00e1jem o Kotax Heritage!<\/h2>\t\t\t\t<\/div>\n\t\t\t\t<\/div>\n\t\t\t\t\t<\/div>\n\t\t<\/div>\n\t\t\t\t\t<\/div>\n\t\t<\/section>\n\t\t\t\t<section class=\"elementor-section elementor-top-section elementor-element elementor-element-7112a20e elementor-section-boxed elementor-section-height-default elementor-section-height-default\" data-id=\"7112a20e\" data-element_type=\"section\" data-e-type=\"section\">\n\t\t\t\t\t\t<div class=\"elementor-container elementor-column-gap-default\">\n\t\t\t\t\t<div class=\"elementor-column elementor-col-50 elementor-top-column elementor-element elementor-element-2536afce\" data-id=\"2536afce\" data-element_type=\"column\" data-e-type=\"column\">\n\t\t\t<div class=\"elementor-widget-wrap elementor-element-populated\">\n\t\t\t\t\t\t<div class=\"elementor-element elementor-element-126e5d4 elementor-widget elementor-widget-text-editor\" data-id=\"126e5d4\" data-element_type=\"widget\" data-e-type=\"widget\" data-widget_type=\"text-editor.default\">\n\t\t\t\t<div class=\"elementor-widget-container\">\n\t\t\t\t\t\t\t\t\t<p>Abyste mohli vypo\u010d\u00edtat nez\u00e1vaznou nab\u00eddku s na\u0161\u00edm speci\u00e1ln\u00edm konceptem pro historick\u00e9 budovy, <strong>pot\u0159ebujete heslo<\/strong>. To si m\u016f\u017eete vy\u017e\u00e1dat n\u00ed\u017ee. D\u011bkuji mnohokr\u00e1t!<\/p>\n\t\t\t\t\t\t\t\t<\/div>\n\t\t\t\t<\/div>\n\t\t\t\t<div class=\"elementor-element elementor-element-bbf7773 elementor-widget elementor-widget-menu-anchor\" data-id=\"bbf7773\" data-element_type=\"widget\" data-e-type=\"widget\" data-widget_type=\"menu-anchor.default\">\n\t\t\t\t<div class=\"elementor-widget-container\">\n\t\t\t\t\t\t\t<div class=\"elementor-menu-anchor\" id=\"dostoheslo\"><\/div>\n\t\t\t\t\t\t<\/div>\n\t\t\t\t<\/div>\n\t\t\t\t<div class=\"elementor-element elementor-element-3ed503f elementor-widget elementor-widget-heading\" data-id=\"3ed503f\" data-element_type=\"widget\" data-e-type=\"widget\" data-widget_type=\"heading.default\">\n\t\t\t\t<div class=\"elementor-widget-container\">\n\t\t\t\t\t<h3 class=\"elementor-heading-title elementor-size-default\">\u017d\u00e1dost o heslo<\/h3>\t\t\t\t<\/div>\n\t\t\t\t<\/div>\n\t\t\t\t<div class=\"elementor-element elementor-element-8963b6e elementor-widget elementor-widget-text-editor\" data-id=\"8963b6e\" data-element_type=\"widget\" data-e-type=\"widget\" data-widget_type=\"text-editor.default\">\n\t\t\t\t<div class=\"elementor-widget-container\">\n\t\t\t\t\t\t\t\t\t<p>Vypl\u0148te pros\u00edm formul\u00e1\u0159 &#8211; p\u0159\u00edstupov\u00e9 \u00fadaje v\u00e1m za\u0161leme co nejd\u0159\u00edve.<\/p>\n\t\t\t\t\t\t\t\t<\/div>\n\t\t\t\t<\/div>\n\t\t\t\t<div class=\"elementor-element elementor-element-2d53723 elementor-button-align-end elementor-widget elementor-widget-form\" data-id=\"2d53723\" data-element_type=\"widget\" data-e-type=\"widget\" data-settings=\"{&quot;step_next_label&quot;:&quot;Dal\\u0161\\u00ed&quot;,&quot;step_previous_label&quot;:&quot;P\\u0159edchoz\\u00ed&quot;,&quot;button_width&quot;:&quot;100&quot;,&quot;step_type&quot;:&quot;number_text&quot;,&quot;step_icon_shape&quot;:&quot;circle&quot;,&quot;label_icon_size&quot;:{&quot;unit&quot;:&quot;px&quot;,&quot;size&quot;:&quot;&quot;,&quot;sizes&quot;:[]},&quot;field_icon_size&quot;:{&quot;unit&quot;:&quot;px&quot;,&quot;size&quot;:&quot;&quot;,&quot;sizes&quot;:[]}}\" data-widget_type=\"form.default\">\n\t\t\t\t<div class=\"elementor-widget-container\">\n\t\t\t\t\t\t\t<form class=\"elementor-form\" method=\"post\" id=\"e_mail_anfrage\" name=\"E-mailov\u00fd dotaz\" aria-label=\"E-mailov\u00fd dotaz\">\n\t\t\t<input type=\"hidden\" name=\"post_id\" value=\"8482\"\/>\n\t\t\t<input type=\"hidden\" name=\"form_id\" value=\"2d53723\"\/>\n\t\t\t<input type=\"hidden\" name=\"referer_title\" value=\"P\u0159\u00edstup k d\u011bdictv\u00ed - Pojistn\u00e1 \u0159e\u0161en\u00ed se syst\u00e9mem &amp; citlivost - KOTAX\" \/>\n\n\t\t\t\t\t\t\t<input type=\"hidden\" name=\"queried_id\" value=\"8482\"\/>\n\t\t\t\n\t\t\t<div class=\"elementor-form-fields-wrapper elementor-labels-\">\n\t\t\t\t\t\t\t\t<div class=\"elementor-field-type-text elementor-field-group elementor-column elementor-field-group-vorname elementor-col-50 elementor-field-required\">\n\t\t\t\t\t\t\t\t\t\t\t\t<label for=\"form-field-vorname\" class=\"elementor-field-label elementor-screen-only\">\n\t\t\t\t\t\t\t\tK\u0159estn\u00ed jm\u00e9no\t\t\t\t\t\t\t<\/label>\n\t\t\t\t\t\t\t\t\t\t\t\t\t\t<input size=\"1\" type=\"text\" name=\"form_fields[vorname]\" id=\"form-field-vorname\" class=\"elementor-field elementor-size-sm  elementor-field-textual\" placeholder=\"K\u0159estn\u00ed jm\u00e9no*\" required=\"required\">\n\t\t\t\t\t\t\t\t\t\t\t<\/div>\n\t\t\t\t\t\t\t\t<div class=\"elementor-field-type-text elementor-field-group elementor-column elementor-field-group-nachname elementor-col-50 elementor-field-required\">\n\t\t\t\t\t\t\t\t\t\t\t\t<label for=\"form-field-nachname\" class=\"elementor-field-label elementor-screen-only\">\n\t\t\t\t\t\t\t\tP\u0159\u00edjmen\u00ed\t\t\t\t\t\t\t<\/label>\n\t\t\t\t\t\t\t\t\t\t\t\t\t\t<input size=\"1\" type=\"text\" name=\"form_fields[nachname]\" id=\"form-field-nachname\" class=\"elementor-field elementor-size-sm  elementor-field-textual\" placeholder=\"P\u0159\u00edjmen\u00ed*\" required=\"required\">\n\t\t\t\t\t\t\t\t\t\t\t<\/div>\n\t\t\t\t\t\t\t\t<div class=\"elementor-field-type-email elementor-field-group elementor-column elementor-field-group-email elementor-col-50 elementor-field-required\">\n\t\t\t\t\t\t\t\t\t\t\t\t<label for=\"form-field-email\" class=\"elementor-field-label elementor-screen-only\">\n\t\t\t\t\t\t\t\te-mail\t\t\t\t\t\t\t<\/label>\n\t\t\t\t\t\t\t\t\t\t\t\t\t\t<input size=\"1\" type=\"email\" name=\"form_fields[email]\" id=\"form-field-email\" class=\"elementor-field elementor-size-sm  elementor-field-textual\" placeholder=\"E-mailov\u00e1 adresa*\" required=\"required\">\n\t\t\t\t\t\t\t\t\t\t\t<\/div>\n\t\t\t\t\t\t\t\t<div class=\"elementor-field-type-acceptance elementor-field-group elementor-column elementor-field-group-zugang elementor-col-50 elementor-field-required\">\n\t\t\t\t\t\t\t\t\t\t\t\t<label for=\"form-field-zugang\" class=\"elementor-field-label elementor-screen-only\">\n\t\t\t\t\t\t\t\tP\u0159\u00edstupov\u00e9 \u00fadaje\t\t\t\t\t\t\t<\/label>\n\t\t\t\t\t\t\t\t<div class=\"elementor-field-subgroup\">\n\t\t\t<span class=\"elementor-field-option\">\n\t\t\t\t<input type=\"checkbox\" name=\"form_fields[zugang]\" id=\"form-field-zugang\" class=\"elementor-field elementor-size-sm  elementor-acceptance-field\" required=\"required\" checked=\"checked\">\n\t\t\t\t<label for=\"form-field-zugang\">Za\u0161lete mi pros\u00edm p\u0159\u00edstupov\u00e9 \u00fadaje<\/label>\t\t\t<\/span>\n\t\t<\/div>\n\t\t\t\t\t\t<\/div>\n\t\t\t\t\t\t\t\t<div class=\"elementor-field-type-recaptcha_v3 elementor-field-group elementor-column elementor-field-group-recaptcha elementor-col-100 recaptcha_v3-bottomright\">\n\t\t\t\t\t<div class=\"elementor-field\" id=\"form-field-recaptcha\"><div class=\"elementor-g-recaptcha\" data-sitekey=\"6LdJsvEpAAAAAKrUCoc10ReBPETOVXiGS7aFn1hl\" data-type=\"v3\" data-action=\"Form\" data-badge=\"bottomright\" data-size=\"invisible\"><\/div><\/div>\t\t\t\t<\/div>\n\t\t\t\t\t\t\t\t<div class=\"elementor-field-group elementor-column elementor-field-type-submit elementor-col-100 e-form__buttons\">\n\t\t\t\t\t<button class=\"elementor-button elementor-size-sm\" type=\"submit\">\n\t\t\t\t\t\t<span class=\"elementor-button-content-wrapper\">\n\t\t\t\t\t\t\t\t\t\t\t\t\t\t\t<span class=\"elementor-button-icon\">\n\t\t\t\t\t\t\t\t\t<svg aria-hidden=\"true\" class=\"e-font-icon-svg e-fas-paper-plane\" viewBox=\"0 0 512 512\" xmlns=\"http:\/\/www.w3.org\/2000\/svg\"><path d=\"M476 3.2L12.5 270.6c-18.1 10.4-15.8 35.6 2.2 43.2L121 358.4l287.3-253.2c5.5-4.9 13.3 2.6 8.6 8.3L176 407v80.5c0 23.6 28.5 32.9 42.5 15.8L282 426l124.6 52.2c14.2 6 30.4-2.9 33-18.2l72-432C515 7.8 493.3-6.8 476 3.2z\"><\/path><\/svg>\t\t\t\t\t\t\t\t\t\t\t\t\t\t\t\t\t<\/span>\n\t\t\t\t\t\t\t\t\t\t\t\t\t\t\t\t\t\t\t\t\t\t<span class=\"elementor-button-text\">Odeslat popt\u00e1vku<\/span>\n\t\t\t\t\t\t\t\t\t\t\t\t\t<\/span>\n\t\t\t\t\t<\/button>\n\t\t\t\t<\/div>\n\t\t\t<\/div>\n\t\t<\/form>\n\t\t\t\t\t\t<\/div>\n\t\t\t\t<\/div>\n\t\t\t\t\t<\/div>\n\t\t<\/div>\n\t\t\t\t<div class=\"elementor-column elementor-col-50 elementor-top-column elementor-element elementor-element-ac035d5\" data-id=\"ac035d5\" data-element_type=\"column\" data-e-type=\"column\">\n\t\t\t<div class=\"elementor-widget-wrap elementor-element-populated\">\n\t\t\t\t\t\t<div class=\"elementor-element elementor-element-8931d12 elementor-widget elementor-widget-heading\" data-id=\"8931d12\" data-element_type=\"widget\" data-e-type=\"widget\" data-widget_type=\"heading.default\">\n\t\t\t\t<div class=\"elementor-widget-container\">\n\t\t\t\t\t<h3 class=\"elementor-heading-title elementor-size-default\">N\u00e1stroj pro tvorbu nab\u00eddek<\/h3>\t\t\t\t<\/div>\n\t\t\t\t<\/div>\n\t\t\t\t<div class=\"elementor-element elementor-element-c542e82 elementor-widget elementor-widget-text-editor\" data-id=\"c542e82\" data-element_type=\"widget\" data-e-type=\"widget\" data-widget_type=\"text-editor.default\">\n\t\t\t\t<div class=\"elementor-widget-container\">\n\t\t\t\t\t\t\t\t\t<p><strong>M\u00e1te ji\u017e heslo?<\/strong>  Kliknut\u00edm sem p\u0159ejdete p\u0159\u00edmo na n\u00e1stroj pro tvorbu nab\u00eddek.<\/p>\n\t\t\t\t\t\t\t\t<\/div>\n\t\t\t\t<\/div>\n\t\t\t\t<div data-dce-background-color=\"#957B4F\" class=\"elementor-element elementor-element-5c40efb elementor-widget elementor-widget-button\" data-id=\"5c40efb\" data-element_type=\"widget\" data-e-type=\"widget\" data-widget_type=\"button.default\">\n\t\t\t\t<div class=\"elementor-widget-container\">\n\t\t\t\t\t\t\t\t\t<div class=\"elementor-button-wrapper\">\n\t\t\t\t\t<a class=\"elementor-button elementor-button-link elementor-size-md elementor-animation-pop\" href=\"https:\/\/www.kotax.com\/cs\/citace-dedictvi\/\">\n\t\t\t\t\t\t<span class=\"elementor-button-content-wrapper\">\n\t\t\t\t\t\t<span class=\"elementor-button-icon\">\n\t\t\t\t<svg aria-hidden=\"true\" class=\"e-font-icon-svg e-fas-chevron-right\" viewBox=\"0 0 320 512\" xmlns=\"http:\/\/www.w3.org\/2000\/svg\"><path d=\"M285.476 272.971L91.132 467.314c-9.373 9.373-24.569 9.373-33.941 0l-22.667-22.667c-9.357-9.357-9.375-24.522-.04-33.901L188.505 256 34.484 101.255c-9.335-9.379-9.317-24.544.04-33.901l22.667-22.667c9.373-9.373 24.569-9.373 33.941 0L285.475 239.03c9.373 9.372 9.373 24.568.001 33.941z\"><\/path><\/svg>\t\t\t<\/span>\n\t\t\t\t\t\t\t\t\t<span class=\"elementor-button-text\">N\u00e1stroj pro tvorbu nab\u00eddek<\/span>\n\t\t\t\t\t<\/span>\n\t\t\t\t\t<\/a>\n\t\t\t\t<\/div>\n\t\t\t\t\t\t\t\t<\/div>\n\t\t\t\t<\/div>\n\t\t\t\t\t<\/div>\n\t\t<\/div>\n\t\t\t\t\t<\/div>\n\t\t<\/section>\n\t\t\t\t<\/div>\n\t\t","protected":false},"excerpt":{"rendered":"<p>N\u00e1stroj pro nab\u00eddku d\u011bdictv\u00ed D\u011bkujeme v\u00e1m za v\u00e1\u0161 z\u00e1jem o Kotax Heritage! Abyste mohli vypo\u010d\u00edtat nez\u00e1vaznou nab\u00eddku s na\u0161\u00edm speci\u00e1ln\u00edm konceptem pro historick\u00e9 budovy, pot\u0159ebujete heslo. To si m\u016f\u017eete vy\u017e\u00e1dat n\u00ed\u017ee. D\u011bkuji mnohokr\u00e1t! \u017d\u00e1dost o heslo Vypl\u0148te pros\u00edm formul\u00e1\u0159 &#8211; p\u0159\u00edstupov\u00e9 \u00fadaje v\u00e1m za\u0161leme co nejd\u0159\u00edve. N\u00e1stroj pro tvorbu nab\u00eddek M\u00e1te ji\u017e heslo? Kliknut\u00edm sem [&hellip;]<\/p>\n","protected":false},"author":1,"featured_media":0,"parent":8512,"menu_order":1,"comment_status":"closed","ping_status":"closed","template":"","meta":{"site-sidebar-layout":"no-sidebar","site-content-layout":"page-builder","ast-site-content-layout":"default","site-content-style":"default","site-sidebar-style":"default","ast-global-header-display":"","ast-banner-title-visibility":"","ast-main-header-display":"","ast-hfb-above-header-display":"","ast-hfb-below-header-display":"","ast-hfb-mobile-header-display":"","site-post-title":"disabled","ast-breadcrumbs-content":"","ast-featured-img":"disabled","footer-sml-layout":"","ast-disable-related-posts":"","theme-transparent-header-meta":"default","adv-header-id-meta":"","stick-header-meta":"default","header-above-stick-meta":"","header-main-stick-meta":"","header-below-stick-meta":"","astra-migrate-meta-layouts":"default","ast-page-background-enabled":"default","ast-page-background-meta":{"desktop":{"background-color":"","background-image":"","background-repeat":"repeat","background-position":"center center","background-size":"auto","background-attachment":"scroll","background-type":"","background-media":"","overlay-type":"","overlay-color":"","overlay-opacity":"","overlay-gradient":""},"tablet":{"background-color":"","background-image":"","background-repeat":"repeat","background-position":"center center","background-size":"auto","background-attachment":"scroll","background-type":"","background-media":"","overlay-type":"","overlay-color":"","overlay-opacity":"","overlay-gradient":""},"mobile":{"background-color":"","background-image":"","background-repeat":"repeat","background-position":"center center","background-size":"auto","background-attachment":"scroll","background-type":"","background-media":"","overlay-type":"","overlay-color":"","overlay-opacity":"","overlay-gradient":""}},"ast-content-background-meta":{"desktop":{"background-color":"var(--ast-global-color-5)","background-image":"","background-repeat":"repeat","background-position":"center center","background-size":"auto","background-attachment":"scroll","background-type":"","background-media":"","overlay-type":"","overlay-color":"","overlay-opacity":"","overlay-gradient":""},"tablet":{"background-color":"var(--ast-global-color-5)","background-image":"","background-repeat":"repeat","background-position":"center center","background-size":"auto","background-attachment":"scroll","background-type":"","background-media":"","overlay-type":"","overlay-color":"","overlay-opacity":"","overlay-gradient":""},"mobile":{"background-color":"var(--ast-global-color-5)","background-image":"","background-repeat":"repeat","background-position":"center center","background-size":"auto","background-attachment":"scroll","background-type":"","background-media":"","overlay-type":"","overlay-color":"","overlay-opacity":"","overlay-gradient":""}},"footnotes":""},"class_list":["post-8482","page","type-page","status-publish","hentry"],"yoast_head":"<!-- This site is optimized with the Yoast SEO plugin v27.4 - https:\/\/yoast.com\/product\/yoast-seo-wordpress\/ -->\n<title>P\u0159\u00edstup k d\u011bdictv\u00ed - Pojistn\u00e1 \u0159e\u0161en\u00ed se syst\u00e9mem &amp; citlivost - KOTAX<\/title>\n<meta name=\"description\" content=\"Nejlep\u0161\u00ed poji\u0161t\u011bn\u00ed je to, kter\u00e9 nab\u00edz\u00ed nejlep\u0161\u00ed finan\u010dn\u00ed ochranu a nejlep\u0161\u00ed pocit z \u010dlov\u011bka.\" \/>\n<meta name=\"robots\" content=\"index, follow, max-snippet:-1, max-image-preview:large, max-video-preview:-1\" \/>\n<link rel=\"canonical\" href=\"https:\/\/www.kotax.com\/cs\/nase-reseni\/heritage\/pristup-k-dedictvi\/\" \/>\n<meta property=\"og:locale\" content=\"cs_CZ\" \/>\n<meta property=\"og:type\" content=\"article\" \/>\n<meta property=\"og:title\" content=\"P\u0159\u00edstup k d\u011bdictv\u00ed - Pojistn\u00e1 \u0159e\u0161en\u00ed se syst\u00e9mem &amp; citlivost - KOTAX\" \/>\n<meta property=\"og:description\" content=\"Nejlep\u0161\u00ed poji\u0161t\u011bn\u00ed je to, kter\u00e9 nab\u00edz\u00ed nejlep\u0161\u00ed finan\u010dn\u00ed ochranu a nejlep\u0161\u00ed pocit z \u010dlov\u011bka.\" \/>\n<meta property=\"og:url\" content=\"https:\/\/www.kotax.com\/cs\/nase-reseni\/heritage\/pristup-k-dedictvi\/\" \/>\n<meta property=\"og:site_name\" content=\"KOTAX Versicherungs-Systeme\" \/>\n<meta property=\"article:publisher\" content=\"https:\/\/www.facebook.com\/KotaxHeritage\" \/>\n<meta property=\"article:modified_time\" content=\"2024-06-04T15:24:33+00:00\" \/>\n<meta property=\"og:image\" content=\"https:\/\/www.kotax.com\/wp-content\/uploads\/2024\/04\/KOTAX-FB-Preview.jpg\" \/>\n\t<meta property=\"og:image:width\" content=\"1200\" \/>\n\t<meta property=\"og:image:height\" content=\"675\" \/>\n\t<meta property=\"og:image:type\" content=\"image\/jpeg\" \/>\n<meta name=\"twitter:card\" content=\"summary_large_image\" \/>\n<meta name=\"twitter:label1\" content=\"Odhadovan\u00e1 doba \u010dten\u00ed\" \/>\n\t<meta name=\"twitter:data1\" content=\"1 minuta\" \/>\n<script type=\"application\/ld+json\" class=\"yoast-schema-graph\">{\"@context\":\"https:\\\/\\\/schema.org\",\"@graph\":[{\"@type\":\"WebPage\",\"@id\":\"https:\\\/\\\/www.kotax.com\\\/cs\\\/nase-reseni\\\/heritage\\\/pristup-k-dedictvi\\\/\",\"url\":\"https:\\\/\\\/www.kotax.com\\\/cs\\\/nase-reseni\\\/heritage\\\/pristup-k-dedictvi\\\/\",\"name\":\"P\u0159\u00edstup k d\u011bdictv\u00ed - Pojistn\u00e1 \u0159e\u0161en\u00ed se syst\u00e9mem & citlivost - KOTAX\",\"isPartOf\":{\"@id\":\"https:\\\/\\\/www.kotax.com\\\/cs\\\/#website\"},\"datePublished\":\"2024-06-04T15:24:20+00:00\",\"dateModified\":\"2024-06-04T15:24:33+00:00\",\"description\":\"Nejlep\u0161\u00ed poji\u0161t\u011bn\u00ed je to, kter\u00e9 nab\u00edz\u00ed nejlep\u0161\u00ed finan\u010dn\u00ed ochranu a nejlep\u0161\u00ed pocit z \u010dlov\u011bka.\",\"breadcrumb\":{\"@id\":\"https:\\\/\\\/www.kotax.com\\\/cs\\\/nase-reseni\\\/heritage\\\/pristup-k-dedictvi\\\/#breadcrumb\"},\"inLanguage\":\"cs\",\"potentialAction\":[{\"@type\":\"ReadAction\",\"target\":[\"https:\\\/\\\/www.kotax.com\\\/cs\\\/nase-reseni\\\/heritage\\\/pristup-k-dedictvi\\\/\"]}]},{\"@type\":\"BreadcrumbList\",\"@id\":\"https:\\\/\\\/www.kotax.com\\\/cs\\\/nase-reseni\\\/heritage\\\/pristup-k-dedictvi\\\/#breadcrumb\",\"itemListElement\":[{\"@type\":\"ListItem\",\"position\":1,\"name\":\"Startseite\",\"item\":\"https:\\\/\\\/www.kotax.com\\\/cs\\\/home\\\/\"},{\"@type\":\"ListItem\",\"position\":2,\"name\":\"Na\u0161e \u0159e\u0161en\u00ed\",\"item\":\"https:\\\/\\\/www.kotax.com\\\/cs\\\/nase-reseni\\\/\"},{\"@type\":\"ListItem\",\"position\":3,\"name\":\"Heritage\",\"item\":\"https:\\\/\\\/www.kotax.com\\\/cs\\\/nase-reseni\\\/heritage\\\/\"},{\"@type\":\"ListItem\",\"position\":4,\"name\":\"P\u0159\u00edstup k d\u011bdictv\u00ed\"}]},{\"@type\":\"WebSite\",\"@id\":\"https:\\\/\\\/www.kotax.com\\\/cs\\\/#website\",\"url\":\"https:\\\/\\\/www.kotax.com\\\/cs\\\/\",\"name\":\"KOTAX Versicherungs-Systeme\",\"description\":\"Besondere Werte gut versichert\",\"publisher\":{\"@id\":\"https:\\\/\\\/www.kotax.com\\\/cs\\\/#organization\"},\"potentialAction\":[{\"@type\":\"SearchAction\",\"target\":{\"@type\":\"EntryPoint\",\"urlTemplate\":\"https:\\\/\\\/www.kotax.com\\\/cs\\\/?s={search_term_string}\"},\"query-input\":{\"@type\":\"PropertyValueSpecification\",\"valueRequired\":true,\"valueName\":\"search_term_string\"}}],\"inLanguage\":\"cs\"},{\"@type\":\"Organization\",\"@id\":\"https:\\\/\\\/www.kotax.com\\\/cs\\\/#organization\",\"name\":\"KOTAX Versicherungssysteme GmbH\",\"url\":\"https:\\\/\\\/www.kotax.com\\\/cs\\\/\",\"logo\":{\"@type\":\"ImageObject\",\"inLanguage\":\"cs\",\"@id\":\"https:\\\/\\\/www.kotax.com\\\/cs\\\/#\\\/schema\\\/logo\\\/image\\\/\",\"url\":\"https:\\\/\\\/www.kotax.com\\\/wp-content\\\/uploads\\\/2020\\\/09\\\/KOTAX-Logo-regular.svg\",\"contentUrl\":\"https:\\\/\\\/www.kotax.com\\\/wp-content\\\/uploads\\\/2020\\\/09\\\/KOTAX-Logo-regular.svg\",\"width\":328,\"height\":182,\"caption\":\"KOTAX Versicherungssysteme GmbH\"},\"image\":{\"@id\":\"https:\\\/\\\/www.kotax.com\\\/cs\\\/#\\\/schema\\\/logo\\\/image\\\/\"},\"sameAs\":[\"https:\\\/\\\/www.facebook.com\\\/KotaxHeritage\",\"https:\\\/\\\/www.instagram.com\\\/kotax_versicherungssysteme\\\/\"]}]}<\/script>\n<!-- \/ Yoast SEO plugin. -->","yoast_head_json":{"title":"P\u0159\u00edstup k d\u011bdictv\u00ed - Pojistn\u00e1 \u0159e\u0161en\u00ed se syst\u00e9mem & citlivost - KOTAX","description":"Nejlep\u0161\u00ed poji\u0161t\u011bn\u00ed je to, kter\u00e9 nab\u00edz\u00ed nejlep\u0161\u00ed finan\u010dn\u00ed ochranu a nejlep\u0161\u00ed pocit z \u010dlov\u011bka.","robots":{"index":"index","follow":"follow","max-snippet":"max-snippet:-1","max-image-preview":"max-image-preview:large","max-video-preview":"max-video-preview:-1"},"canonical":"https:\/\/www.kotax.com\/cs\/nase-reseni\/heritage\/pristup-k-dedictvi\/","og_locale":"cs_CZ","og_type":"article","og_title":"P\u0159\u00edstup k d\u011bdictv\u00ed - Pojistn\u00e1 \u0159e\u0161en\u00ed se syst\u00e9mem & citlivost - KOTAX","og_description":"Nejlep\u0161\u00ed poji\u0161t\u011bn\u00ed je to, kter\u00e9 nab\u00edz\u00ed nejlep\u0161\u00ed finan\u010dn\u00ed ochranu a nejlep\u0161\u00ed pocit z \u010dlov\u011bka.","og_url":"https:\/\/www.kotax.com\/cs\/nase-reseni\/heritage\/pristup-k-dedictvi\/","og_site_name":"KOTAX Versicherungs-Systeme","article_publisher":"https:\/\/www.facebook.com\/KotaxHeritage","article_modified_time":"2024-06-04T15:24:33+00:00","og_image":[{"width":1200,"height":675,"url":"https:\/\/www.kotax.com\/wp-content\/uploads\/2024\/04\/KOTAX-FB-Preview.jpg","type":"image\/jpeg"}],"twitter_card":"summary_large_image","twitter_misc":{"Odhadovan\u00e1 doba \u010dten\u00ed":"1 minuta"},"schema":{"@context":"https:\/\/schema.org","@graph":[{"@type":"WebPage","@id":"https:\/\/www.kotax.com\/cs\/nase-reseni\/heritage\/pristup-k-dedictvi\/","url":"https:\/\/www.kotax.com\/cs\/nase-reseni\/heritage\/pristup-k-dedictvi\/","name":"P\u0159\u00edstup k d\u011bdictv\u00ed - Pojistn\u00e1 \u0159e\u0161en\u00ed se syst\u00e9mem & citlivost - KOTAX","isPartOf":{"@id":"https:\/\/www.kotax.com\/cs\/#website"},"datePublished":"2024-06-04T15:24:20+00:00","dateModified":"2024-06-04T15:24:33+00:00","description":"Nejlep\u0161\u00ed poji\u0161t\u011bn\u00ed je to, kter\u00e9 nab\u00edz\u00ed nejlep\u0161\u00ed finan\u010dn\u00ed ochranu a nejlep\u0161\u00ed pocit z \u010dlov\u011bka.","breadcrumb":{"@id":"https:\/\/www.kotax.com\/cs\/nase-reseni\/heritage\/pristup-k-dedictvi\/#breadcrumb"},"inLanguage":"cs","potentialAction":[{"@type":"ReadAction","target":["https:\/\/www.kotax.com\/cs\/nase-reseni\/heritage\/pristup-k-dedictvi\/"]}]},{"@type":"BreadcrumbList","@id":"https:\/\/www.kotax.com\/cs\/nase-reseni\/heritage\/pristup-k-dedictvi\/#breadcrumb","itemListElement":[{"@type":"ListItem","position":1,"name":"Startseite","item":"https:\/\/www.kotax.com\/cs\/home\/"},{"@type":"ListItem","position":2,"name":"Na\u0161e \u0159e\u0161en\u00ed","item":"https:\/\/www.kotax.com\/cs\/nase-reseni\/"},{"@type":"ListItem","position":3,"name":"Heritage","item":"https:\/\/www.kotax.com\/cs\/nase-reseni\/heritage\/"},{"@type":"ListItem","position":4,"name":"P\u0159\u00edstup k d\u011bdictv\u00ed"}]},{"@type":"WebSite","@id":"https:\/\/www.kotax.com\/cs\/#website","url":"https:\/\/www.kotax.com\/cs\/","name":"KOTAX Versicherungs-Systeme","description":"Besondere Werte gut versichert","publisher":{"@id":"https:\/\/www.kotax.com\/cs\/#organization"},"potentialAction":[{"@type":"SearchAction","target":{"@type":"EntryPoint","urlTemplate":"https:\/\/www.kotax.com\/cs\/?s={search_term_string}"},"query-input":{"@type":"PropertyValueSpecification","valueRequired":true,"valueName":"search_term_string"}}],"inLanguage":"cs"},{"@type":"Organization","@id":"https:\/\/www.kotax.com\/cs\/#organization","name":"KOTAX Versicherungssysteme GmbH","url":"https:\/\/www.kotax.com\/cs\/","logo":{"@type":"ImageObject","inLanguage":"cs","@id":"https:\/\/www.kotax.com\/cs\/#\/schema\/logo\/image\/","url":"https:\/\/www.kotax.com\/wp-content\/uploads\/2020\/09\/KOTAX-Logo-regular.svg","contentUrl":"https:\/\/www.kotax.com\/wp-content\/uploads\/2020\/09\/KOTAX-Logo-regular.svg","width":328,"height":182,"caption":"KOTAX Versicherungssysteme GmbH"},"image":{"@id":"https:\/\/www.kotax.com\/cs\/#\/schema\/logo\/image\/"},"sameAs":["https:\/\/www.facebook.com\/KotaxHeritage","https:\/\/www.instagram.com\/kotax_versicherungssysteme\/"]}]}},"_links":{"self":[{"href":"https:\/\/www.kotax.com\/cs\/wp-json\/wp\/v2\/pages\/8482","targetHints":{"allow":["GET"]}}],"collection":[{"href":"https:\/\/www.kotax.com\/cs\/wp-json\/wp\/v2\/pages"}],"about":[{"href":"https:\/\/www.kotax.com\/cs\/wp-json\/wp\/v2\/types\/page"}],"author":[{"embeddable":true,"href":"https:\/\/www.kotax.com\/cs\/wp-json\/wp\/v2\/users\/1"}],"replies":[{"embeddable":true,"href":"https:\/\/www.kotax.com\/cs\/wp-json\/wp\/v2\/comments?post=8482"}],"version-history":[{"count":0,"href":"https:\/\/www.kotax.com\/cs\/wp-json\/wp\/v2\/pages\/8482\/revisions"}],"up":[{"embeddable":true,"href":"https:\/\/www.kotax.com\/cs\/wp-json\/wp\/v2\/pages\/8512"}],"wp:attachment":[{"href":"https:\/\/www.kotax.com\/cs\/wp-json\/wp\/v2\/media?parent=8482"}],"curies":[{"name":"wp","href":"https:\/\/api.w.org\/{rel}","templated":true}]}}